{"id":3239,"date":"2021-11-15T11:05:33","date_gmt":"2021-11-15T14:05:33","guid":{"rendered":"http:\/\/www.schartopengenharia.com.br\/?page_id=3239"},"modified":"2022-03-22T16:36:16","modified_gmt":"2022-03-22T19:36:16","slug":"trabalhos-realizados","status":"publish","type":"page","link":"http:\/\/www.schartopengenharia.com.br\/index.php\/trabalhos-realizados\/","title":{"rendered":"Trabalhos Realizados"},"content":{"rendered":"\t\t<div data-elementor-type=\"wp-page\" data-elementor-id=\"3239\" class=\"elementor elementor-3239\" data-elementor-settings=\"[]\">\n\t\t\t\t\t\t\t<div class=\"elementor-section-wrap\">\n\t\t\t\t\t\t\t<section class=\"has_ma_el_bg_slider elementor-section elementor-top-section elementor-element elementor-element-fc48c46 elementor-section-stretched elementor-section-boxed elementor-section-height-default elementor-section-height-default jltma-glass-effect-no\" data-id=\"fc48c46\" data-element_type=\"section\" data-settings=\"{&quot;stretch_section&quot;:&quot;section-stretched&quot;}\">\n\t\t\t\t\t\t<div class=\"elementor-container elementor-column-gap-default\">\n\t\t\t\t\t<div class=\"has_ma_el_bg_slider elementor-column elementor-col-25 elementor-top-column elementor-element elementor-element-5c0791d jltma-glass-effect-no\" data-id=\"5c0791d\" data-element_type=\"column\">\n\t\t\t<div class=\"elementor-widget-wrap\">\n\t\t\t\t\t\t\t\t\t<\/div>\n\t\t<\/div>\n\t\t\t\t<div class=\"has_ma_el_bg_slider elementor-column elementor-col-50 elementor-top-column elementor-element elementor-element-3da84b3 jltma-glass-effect-no\" data-id=\"3da84b3\" data-element_type=\"column\">\n\t\t\t<div class=\"elementor-widget-wrap elementor-element-populated\">\n\t\t\t\t\t\t\t\t<div class=\"elementor-element elementor-element-198bce9 jltma-glass-effect-no elementor-widget elementor-widget-ma-gradient-headline\" data-id=\"198bce9\" data-element_type=\"widget\" data-widget_type=\"ma-gradient-headline.default\">\n\t\t\t\t<div class=\"elementor-widget-container\">\n\t\t\t<h2 class=\"jltma-gradient-headline\">Trabalhos Realizados<\/h2>\t\t<\/div>\n\t\t\t\t<\/div>\n\t\t\t\t\t<\/div>\n\t\t<\/div>\n\t\t\t\t<div class=\"has_ma_el_bg_slider elementor-column elementor-col-25 elementor-top-column elementor-element elementor-element-64f84e0 jltma-glass-effect-no\" data-id=\"64f84e0\" data-element_type=\"column\">\n\t\t\t<div class=\"elementor-widget-wrap\">\n\t\t\t\t\t\t\t\t\t<\/div>\n\t\t<\/div>\n\t\t\t\t\t\t\t<\/div>\n\t\t<\/section>\n\t\t\t\t<section class=\"has_ma_el_bg_slider elementor-section elementor-top-section elementor-element elementor-element-4cfeb5d elementor-section-boxed elementor-section-height-default elementor-section-height-default jltma-glass-effect-no\" data-id=\"4cfeb5d\" data-element_type=\"section\">\n\t\t\t\t\t\t<div class=\"elementor-container elementor-column-gap-default\">\n\t\t\t\t\t<div class=\"has_ma_el_bg_slider elementor-column elementor-col-33 elementor-top-column elementor-element elementor-element-9a07578 jltma-glass-effect-no\" data-id=\"9a07578\" data-element_type=\"column\">\n\t\t\t<div class=\"elementor-widget-wrap elementor-element-populated\">\n\t\t\t\t\t\t\t\t<div class=\"elementor-element elementor-element-43b7412 jltma-glass-effect-no elementor-widget elementor-widget-ma-gradient-headline\" data-id=\"43b7412\" data-element_type=\"widget\" data-widget_type=\"ma-gradient-headline.default\">\n\t\t\t\t<div class=\"elementor-widget-container\">\n\t\t\t<h3 class=\"jltma-gradient-headline\">Infraestrutura Rodovi\u00e1ria<\/h3>\t\t<\/div>\n\t\t\t\t<\/div>\n\t\t\t\t<div class=\"elementor-element elementor-element-6932796 jltma-glass-effect-no elementor-widget elementor-widget-text-editor\" data-id=\"6932796\" data-element_type=\"widget\" data-widget_type=\"text-editor.default\">\n\t\t\t\t<div class=\"elementor-widget-container\">\n\t\t\t\t\t\t\t<p>Pra\u00e7a de Ped\u00e1gio BR-290, km 060, Gravata\u00ed\/RS (ETC Terra\/CCR-ViaSul)<\/p><p>&#8211; Levantamento topogr\u00e1fico primitivo, medi\u00e7\u00f5es volum\u00e9tricas e As-built.<br \/>&#8211; Loca\u00e7\u00e3o de Projetos de Terraplenagem, Geom\u00e9tricos, Drenagem, Pavimenta\u00e7\u00e3o, Geotecnia, Estrutural, El\u00e9trico, Dados, Sinaliza\u00e7\u00e3o e Hidr\u00e1ulico.<br \/>&#8211; Medi\u00e7\u00f5es e c\u00e1lculo de volumes.<\/p>\t\t\t\t\t\t<\/div>\n\t\t\t\t<\/div>\n\t\t\t\t\t<\/div>\n\t\t<\/div>\n\t\t\t\t<div class=\"has_ma_el_bg_slider elementor-column elementor-col-66 elementor-top-column elementor-element elementor-element-c988edc jltma-glass-effect-no\" data-id=\"c988edc\" data-element_type=\"column\">\n\t\t\t<div class=\"elementor-widget-wrap elementor-element-populated\">\n\t\t\t\t\t\t\t\t<div class=\"elementor-element elementor-element-4864930 jltma-glass-effect-no elementor-widget elementor-widget-spacer\" data-id=\"4864930\" data-element_type=\"widget\" data-widget_type=\"spacer.default\">\n\t\t\t\t<div class=\"elementor-widget-container\">\n\t\t\t\t\t<div class=\"elementor-spacer\">\n\t\t\t<div class=\"elementor-spacer-inner\"><\/div>\n\t\t<\/div>\n\t\t\t\t<\/div>\n\t\t\t\t<\/div>\n\t\t\t\t<div class=\"elementor-element elementor-element-f74c68a elementor-pagination-position-outside jltma-glass-effect-no elementor-widget elementor-widget-image-carousel\" data-id=\"f74c68a\" data-element_type=\"widget\" data-settings=\"{&quot;slides_to_show&quot;:&quot;3&quot;,&quot;navigation&quot;:&quot;dots&quot;,&quot;autoplay_speed&quot;:1000,&quot;speed&quot;:2000,&quot;image_spacing_custom&quot;:{&quot;unit&quot;:&quot;px&quot;,&quot;size&quot;:5,&quot;sizes&quot;:[]},&quot;autoplay&quot;:&quot;yes&quot;,&quot;pause_on_hover&quot;:&quot;yes&quot;,&quot;pause_on_interaction&quot;:&quot;yes&quot;,&quot;infinite&quot;:&quot;yes&quot;}\" data-widget_type=\"image-carousel.default\">\n\t\t\t\t<div class=\"elementor-widget-container\">\n\t\t\t\t\t<div class=\"elementor-image-carousel-wrapper swiper-container\" dir=\"ltr\">\n\t\t\t<div class=\"elementor-image-carousel swiper-wrapper\">\n\t\t\t\t\t\t\t\t<div class=\"swiper-slide\"><figure class=\"swiper-slide-inner\"><img decoding=\"async\" class=\"swiper-slide-image\" src=\"http:\/\/www.schartopengenharia.com.br\/wp-content\/uploads\/2019\/12\/WhatsApp-Image-2022-03-22-at-11.34.33-300x225.jpeg\" alt=\"WhatsApp Image 2022-03-22 at 11.34.33\" \/><\/figure><\/div><div class=\"swiper-slide\"><figure class=\"swiper-slide-inner\"><img decoding=\"async\" class=\"swiper-slide-image\" src=\"http:\/\/www.schartopengenharia.com.br\/wp-content\/uploads\/2019\/12\/WhatsApp-Image-2022-03-22-at-11.34.30-1-300x200.jpeg\" alt=\"WhatsApp Image 2022-03-22 at 11.34.30 (1)\" \/><\/figure><\/div><div class=\"swiper-slide\"><figure class=\"swiper-slide-inner\"><img decoding=\"async\" class=\"swiper-slide-image\" src=\"http:\/\/www.schartopengenharia.com.br\/wp-content\/uploads\/2019\/12\/WhatsApp-Image-2022-03-22-at-11.34.30-300x200.jpeg\" alt=\"WhatsApp Image 2022-03-22 at 11.34.30\" \/><\/figure><\/div><div class=\"swiper-slide\"><figure class=\"swiper-slide-inner\"><img decoding=\"async\" class=\"swiper-slide-image\" src=\"http:\/\/www.schartopengenharia.com.br\/wp-content\/uploads\/2019\/12\/WhatsApp-Image-2022-03-22-at-11.34.31-1-300x200.jpeg\" alt=\"WhatsApp Image 2022-03-22 at 11.34.31 (1)\" \/><\/figure><\/div><div class=\"swiper-slide\"><figure class=\"swiper-slide-inner\"><img decoding=\"async\" class=\"swiper-slide-image\" src=\"http:\/\/www.schartopengenharia.com.br\/wp-content\/uploads\/2019\/12\/WhatsApp-Image-2022-03-22-at-11.34.31-2-300x200.jpeg\" alt=\"WhatsApp Image 2022-03-22 at 11.34.31 (2)\" \/><\/figure><\/div><div class=\"swiper-slide\"><figure class=\"swiper-slide-inner\"><img decoding=\"async\" class=\"swiper-slide-image\" src=\"http:\/\/www.schartopengenharia.com.br\/wp-content\/uploads\/2019\/12\/WhatsApp-Image-2022-03-22-at-11.34.31-3-300x200.jpeg\" alt=\"WhatsApp Image 2022-03-22 at 11.34.31 (3)\" \/><\/figure><\/div><div class=\"swiper-slide\"><figure class=\"swiper-slide-inner\"><img decoding=\"async\" class=\"swiper-slide-image\" src=\"http:\/\/www.schartopengenharia.com.br\/wp-content\/uploads\/2019\/12\/WhatsApp-Image-2022-03-22-at-11.34.31-4-300x200.jpeg\" alt=\"WhatsApp Image 2022-03-22 at 11.34.31 (4)\" \/><\/figure><\/div><div class=\"swiper-slide\"><figure class=\"swiper-slide-inner\"><img decoding=\"async\" class=\"swiper-slide-image\" src=\"http:\/\/www.schartopengenharia.com.br\/wp-content\/uploads\/2019\/12\/WhatsApp-Image-2022-03-22-at-11.34.31-300x200.jpeg\" alt=\"WhatsApp Image 2022-03-22 at 11.34.31\" \/><\/figure><\/div><div class=\"swiper-slide\"><figure class=\"swiper-slide-inner\"><img decoding=\"async\" class=\"swiper-slide-image\" src=\"http:\/\/www.schartopengenharia.com.br\/wp-content\/uploads\/2019\/12\/WhatsApp-Image-2022-03-22-at-11.34.32-1-300x225.jpeg\" alt=\"WhatsApp Image 2022-03-22 at 11.34.32 (1)\" \/><\/figure><\/div><div class=\"swiper-slide\"><figure class=\"swiper-slide-inner\"><img decoding=\"async\" class=\"swiper-slide-image\" src=\"http:\/\/www.schartopengenharia.com.br\/wp-content\/uploads\/2019\/12\/WhatsApp-Image-2022-03-22-at-11.34.32-2-300x225.jpeg\" alt=\"WhatsApp Image 2022-03-22 at 11.34.32 (2)\" \/><\/figure><\/div><div class=\"swiper-slide\"><figure class=\"swiper-slide-inner\"><img decoding=\"async\" class=\"swiper-slide-image\" src=\"http:\/\/www.schartopengenharia.com.br\/wp-content\/uploads\/2019\/12\/WhatsApp-Image-2022-03-22-at-11.34.32-3-300x225.jpeg\" alt=\"WhatsApp Image 2022-03-22 at 11.34.32 (3)\" \/><\/figure><\/div><div class=\"swiper-slide\"><figure class=\"swiper-slide-inner\"><img decoding=\"async\" class=\"swiper-slide-image\" src=\"http:\/\/www.schartopengenharia.com.br\/wp-content\/uploads\/2019\/12\/WhatsApp-Image-2022-03-22-at-11.34.32-300x200.jpeg\" alt=\"WhatsApp Image 2022-03-22 at 11.34.32\" \/><\/figure><\/div><div class=\"swiper-slide\"><figure class=\"swiper-slide-inner\"><img decoding=\"async\" class=\"swiper-slide-image\" src=\"http:\/\/www.schartopengenharia.com.br\/wp-content\/uploads\/2019\/12\/WhatsApp-Image-2022-03-22-at-11.34.33-1-300x225.jpeg\" alt=\"WhatsApp Image 2022-03-22 at 11.34.33 (1)\" \/><\/figure><\/div><div class=\"swiper-slide\"><figure class=\"swiper-slide-inner\"><img decoding=\"async\" class=\"swiper-slide-image\" src=\"http:\/\/www.schartopengenharia.com.br\/wp-content\/uploads\/2019\/12\/WhatsApp-Image-2022-03-22-at-11.34.33-2-300x225.jpeg\" alt=\"WhatsApp Image 2022-03-22 at 11.34.33 (2)\" \/><\/figure><\/div>\t\t\t<\/div>\n\t\t\t\t\t\t\t\t\t\t\t\t<div class=\"swiper-pagination\"><\/div>\n\t\t\t\t\t\t\t\t\t\t\t\t\t<\/div>\n\t\t\t\t<\/div>\n\t\t\t\t<\/div>\n\t\t\t\t\t<\/div>\n\t\t<\/div>\n\t\t\t\t\t\t\t<\/div>\n\t\t<\/section>\n\t\t\t\t<section class=\"has_ma_el_bg_slider elementor-section elementor-top-section elementor-element elementor-element-af13b5c elementor-section-boxed elementor-section-height-default elementor-section-height-default jltma-glass-effect-no\" data-id=\"af13b5c\" data-element_type=\"section\">\n\t\t\t\t\t\t<div class=\"elementor-container elementor-column-gap-default\">\n\t\t\t\t\t<div class=\"has_ma_el_bg_slider elementor-column elementor-col-100 elementor-top-column elementor-element elementor-element-2c8695a jltma-glass-effect-no\" data-id=\"2c8695a\" data-element_type=\"column\">\n\t\t\t<div class=\"elementor-widget-wrap elementor-element-populated\">\n\t\t\t\t\t\t\t\t<div class=\"elementor-element elementor-element-cc14dc9 elementor-widget-divider--separator-type-pattern elementor-widget-divider--view-line jltma-glass-effect-no elementor-widget elementor-widget-divider\" data-id=\"cc14dc9\" data-element_type=\"widget\" data-widget_type=\"divider.default\">\n\t\t\t\t<div class=\"elementor-widget-container\">\n\t\t\t\t\t<div class=\"elementor-divider\" style=\"--divider-pattern-url: url(&quot;data:image\/svg+xml,%3Csvg xmlns=&#039;http:\/\/www.w3.org\/2000\/svg&#039; preserveAspectRatio=&#039;none&#039; overflow=&#039;visible&#039; height=&#039;100%&#039; viewBox=&#039;0 0 20 16&#039; fill=&#039;none&#039; stroke=&#039;black&#039; stroke-width=&#039;1&#039; stroke-linecap=&#039;square&#039; stroke-miterlimit=&#039;10&#039;%3E%3Cg transform=&#039;translate(-12.000000, 0)&#039;%3E%3Cpath d=&#039;M28,0L10,18&#039;\/%3E%3Cpath d=&#039;M18,0L0,18&#039;\/%3E%3Cpath d=&#039;M48,0L30,18&#039;\/%3E%3Cpath d=&#039;M38,0L20,18&#039;\/%3E%3C\/g%3E%3C\/svg%3E&quot;);\">\n\t\t\t<span class=\"elementor-divider-separator\">\n\t\t\t\t\t\t<\/span>\n\t\t<\/div>\n\t\t\t\t<\/div>\n\t\t\t\t<\/div>\n\t\t\t\t\t<\/div>\n\t\t<\/div>\n\t\t\t\t\t\t\t<\/div>\n\t\t<\/section>\n\t\t\t\t<section class=\"has_ma_el_bg_slider elementor-section elementor-top-section elementor-element elementor-element-fb6d69d elementor-section-boxed elementor-section-height-default elementor-section-height-default jltma-glass-effect-no\" data-id=\"fb6d69d\" data-element_type=\"section\">\n\t\t\t\t\t\t<div class=\"elementor-container elementor-column-gap-default\">\n\t\t\t\t\t<div class=\"has_ma_el_bg_slider elementor-column elementor-col-66 elementor-top-column elementor-element elementor-element-7508e6e jltma-glass-effect-no\" data-id=\"7508e6e\" data-element_type=\"column\">\n\t\t\t<div class=\"elementor-widget-wrap elementor-element-populated\">\n\t\t\t\t\t\t\t\t<div class=\"elementor-element elementor-element-8f68007 jltma-glass-effect-no elementor-widget elementor-widget-spacer\" data-id=\"8f68007\" data-element_type=\"widget\" data-widget_type=\"spacer.default\">\n\t\t\t\t<div class=\"elementor-widget-container\">\n\t\t\t\t\t<div class=\"elementor-spacer\">\n\t\t\t<div class=\"elementor-spacer-inner\"><\/div>\n\t\t<\/div>\n\t\t\t\t<\/div>\n\t\t\t\t<\/div>\n\t\t\t\t<div class=\"elementor-element elementor-element-f60eb3c elementor-pagination-position-outside jltma-glass-effect-no elementor-widget elementor-widget-image-carousel\" data-id=\"f60eb3c\" data-element_type=\"widget\" data-settings=\"{&quot;slides_to_show&quot;:&quot;3&quot;,&quot;navigation&quot;:&quot;dots&quot;,&quot;autoplay_speed&quot;:1000,&quot;speed&quot;:2000,&quot;image_spacing_custom&quot;:{&quot;unit&quot;:&quot;px&quot;,&quot;size&quot;:5,&quot;sizes&quot;:[]},&quot;autoplay&quot;:&quot;yes&quot;,&quot;pause_on_hover&quot;:&quot;yes&quot;,&quot;pause_on_interaction&quot;:&quot;yes&quot;,&quot;infinite&quot;:&quot;yes&quot;}\" data-widget_type=\"image-carousel.default\">\n\t\t\t\t<div class=\"elementor-widget-container\">\n\t\t\t\t\t<div class=\"elementor-image-carousel-wrapper swiper-container\" dir=\"ltr\">\n\t\t\t<div class=\"elementor-image-carousel swiper-wrapper\">\n\t\t\t\t\t\t\t\t<div class=\"swiper-slide\"><figure class=\"swiper-slide-inner\"><img decoding=\"async\" class=\"swiper-slide-image\" src=\"http:\/\/www.schartopengenharia.com.br\/wp-content\/uploads\/2019\/12\/WhatsApp-Image-2022-03-22-at-14.59.00-300x225.jpeg\" alt=\"WhatsApp Image 2022-03-22 at 14.59.00\" \/><\/figure><\/div><div class=\"swiper-slide\"><figure class=\"swiper-slide-inner\"><img decoding=\"async\" class=\"swiper-slide-image\" src=\"http:\/\/www.schartopengenharia.com.br\/wp-content\/uploads\/2019\/12\/WhatsApp-Image-2022-03-22-at-14.58.59-1-300x169.jpeg\" alt=\"WhatsApp Image 2022-03-22 at 14.58.59 (1)\" \/><\/figure><\/div><div class=\"swiper-slide\"><figure class=\"swiper-slide-inner\"><img decoding=\"async\" class=\"swiper-slide-image\" src=\"http:\/\/www.schartopengenharia.com.br\/wp-content\/uploads\/2019\/12\/WhatsApp-Image-2022-03-22-at-14.58.59-2-300x169.jpeg\" alt=\"WhatsApp Image 2022-03-22 at 14.58.59 (2)\" \/><\/figure><\/div><div class=\"swiper-slide\"><figure class=\"swiper-slide-inner\"><img decoding=\"async\" class=\"swiper-slide-image\" src=\"http:\/\/www.schartopengenharia.com.br\/wp-content\/uploads\/2019\/12\/WhatsApp-Image-2022-03-22-at-14.58.59-3-300x169.jpeg\" alt=\"WhatsApp Image 2022-03-22 at 14.58.59 (3)\" \/><\/figure><\/div><div class=\"swiper-slide\"><figure class=\"swiper-slide-inner\"><img decoding=\"async\" class=\"swiper-slide-image\" src=\"http:\/\/www.schartopengenharia.com.br\/wp-content\/uploads\/2019\/12\/WhatsApp-Image-2022-03-22-at-14.58.59-300x169.jpeg\" alt=\"WhatsApp Image 2022-03-22 at 14.58.59\" \/><\/figure><\/div><div class=\"swiper-slide\"><figure class=\"swiper-slide-inner\"><img decoding=\"async\" class=\"swiper-slide-image\" src=\"http:\/\/www.schartopengenharia.com.br\/wp-content\/uploads\/2019\/12\/WhatsApp-Image-2022-03-22-at-14.59.00-1-300x165.jpeg\" alt=\"WhatsApp Image 2022-03-22 at 14.59.00 (1)\" \/><\/figure><\/div>\t\t\t<\/div>\n\t\t\t\t\t\t\t\t\t\t\t\t<div class=\"swiper-pagination\"><\/div>\n\t\t\t\t\t\t\t\t\t\t\t\t\t<\/div>\n\t\t\t\t<\/div>\n\t\t\t\t<\/div>\n\t\t\t\t\t<\/div>\n\t\t<\/div>\n\t\t\t\t<div class=\"has_ma_el_bg_slider elementor-column elementor-col-33 elementor-top-column elementor-element elementor-element-516f65b jltma-glass-effect-no\" data-id=\"516f65b\" data-element_type=\"column\">\n\t\t\t<div class=\"elementor-widget-wrap elementor-element-populated\">\n\t\t\t\t\t\t\t\t<div class=\"elementor-element elementor-element-df5c8f2 jltma-glass-effect-no elementor-widget elementor-widget-ma-gradient-headline\" data-id=\"df5c8f2\" data-element_type=\"widget\" data-widget_type=\"ma-gradient-headline.default\">\n\t\t\t\t<div class=\"elementor-widget-container\">\n\t\t\t<h3 class=\"jltma-gradient-headline\">Saneamento B\u00e1sico<\/h3>\t\t<\/div>\n\t\t\t\t<\/div>\n\t\t\t\t<div class=\"elementor-element elementor-element-bbb248c jltma-glass-effect-no elementor-widget elementor-widget-text-editor\" data-id=\"bbb248c\" data-element_type=\"widget\" data-widget_type=\"text-editor.default\">\n\t\t\t\t<div class=\"elementor-widget-container\">\n\t\t\t\t\t\t\t<p>Santa Maria\/RS (LM Constru\u00e7\u00f5es\/Corsan)<\/p><p>&#8211; Levantamento planialtim\u00e9trico cadastral;<br \/>&#8211; Gera\u00e7\u00e3o de Ordem de Servi\u00e7o de Redes Coletoras de Esgoto;<\/p><p>&#8211; Cadastro As-Built das Redes Coletoras e Ramais<\/p>\t\t\t\t\t\t<\/div>\n\t\t\t\t<\/div>\n\t\t\t\t\t<\/div>\n\t\t<\/div>\n\t\t\t\t\t\t\t<\/div>\n\t\t<\/section>\n\t\t\t\t<section class=\"has_ma_el_bg_slider elementor-section elementor-top-section elementor-element elementor-element-6570a7a elementor-section-boxed elementor-section-height-default elementor-section-height-default jltma-glass-effect-no\" data-id=\"6570a7a\" data-element_type=\"section\">\n\t\t\t\t\t\t<div class=\"elementor-container elementor-column-gap-default\">\n\t\t\t\t\t<div class=\"has_ma_el_bg_slider elementor-column elementor-col-100 elementor-top-column elementor-element elementor-element-f5796ef jltma-glass-effect-no\" data-id=\"f5796ef\" data-element_type=\"column\">\n\t\t\t<div class=\"elementor-widget-wrap elementor-element-populated\">\n\t\t\t\t\t\t\t\t<div class=\"elementor-element elementor-element-3cff675 elementor-widget-divider--separator-type-pattern elementor-widget-divider--view-line jltma-glass-effect-no elementor-widget elementor-widget-divider\" data-id=\"3cff675\" data-element_type=\"widget\" data-widget_type=\"divider.default\">\n\t\t\t\t<div class=\"elementor-widget-container\">\n\t\t\t\t\t<div class=\"elementor-divider\" style=\"--divider-pattern-url: url(&quot;data:image\/svg+xml,%3Csvg xmlns=&#039;http:\/\/www.w3.org\/2000\/svg&#039; preserveAspectRatio=&#039;none&#039; overflow=&#039;visible&#039; height=&#039;100%&#039; viewBox=&#039;0 0 20 16&#039; fill=&#039;none&#039; stroke=&#039;black&#039; stroke-width=&#039;1&#039; stroke-linecap=&#039;square&#039; stroke-miterlimit=&#039;10&#039;%3E%3Cg transform=&#039;translate(-12.000000, 0)&#039;%3E%3Cpath d=&#039;M28,0L10,18&#039;\/%3E%3Cpath d=&#039;M18,0L0,18&#039;\/%3E%3Cpath d=&#039;M48,0L30,18&#039;\/%3E%3Cpath d=&#039;M38,0L20,18&#039;\/%3E%3C\/g%3E%3C\/svg%3E&quot;);\">\n\t\t\t<span class=\"elementor-divider-separator\">\n\t\t\t\t\t\t<\/span>\n\t\t<\/div>\n\t\t\t\t<\/div>\n\t\t\t\t<\/div>\n\t\t\t\t\t<\/div>\n\t\t<\/div>\n\t\t\t\t\t\t\t<\/div>\n\t\t<\/section>\n\t\t\t\t<section class=\"has_ma_el_bg_slider elementor-section elementor-top-section elementor-element elementor-element-81bafe6 elementor-section-boxed elementor-section-height-default elementor-section-height-default jltma-glass-effect-no\" data-id=\"81bafe6\" data-element_type=\"section\">\n\t\t\t\t\t\t<div class=\"elementor-container elementor-column-gap-default\">\n\t\t\t\t\t<div class=\"has_ma_el_bg_slider elementor-column elementor-col-33 elementor-top-column elementor-element elementor-element-7f13193 jltma-glass-effect-no\" data-id=\"7f13193\" data-element_type=\"column\">\n\t\t\t<div class=\"elementor-widget-wrap elementor-element-populated\">\n\t\t\t\t\t\t\t\t<div class=\"elementor-element elementor-element-a71f99e jltma-glass-effect-no elementor-widget elementor-widget-ma-gradient-headline\" data-id=\"a71f99e\" data-element_type=\"widget\" data-widget_type=\"ma-gradient-headline.default\">\n\t\t\t\t<div class=\"elementor-widget-container\">\n\t\t\t<h3 class=\"jltma-gradient-headline\">Projetos de Minera\u00e7\u00e3o<\/h3>\t\t<\/div>\n\t\t\t\t<\/div>\n\t\t\t\t<div class=\"elementor-element elementor-element-641830c jltma-glass-effect-no elementor-widget elementor-widget-text-editor\" data-id=\"641830c\" data-element_type=\"widget\" data-widget_type=\"text-editor.default\">\n\t\t\t\t<div class=\"elementor-widget-container\">\n\t\t\t\t\t\t\t<p>Mapeamento fotogram\u00e9trico de jazidas minerais (Com uso de Drone)<\/p><p>&#8211; Gera\u00e7\u00e3o de MDT e MDS;<br \/>&#8211; Gera\u00e7\u00e3o de Ortofotomosaico;<br \/>&#8211; Loca\u00e7\u00f5es de Pol\u00edgonos \u2013 ANM;<br \/>&#8211; C\u00e1lculos de Volumes e gera\u00e7\u00e3o de perfis;<br \/>&#8211; Projetos de Terraplenagem;<\/p>\t\t\t\t\t\t<\/div>\n\t\t\t\t<\/div>\n\t\t\t\t\t<\/div>\n\t\t<\/div>\n\t\t\t\t<div class=\"has_ma_el_bg_slider elementor-column elementor-col-66 elementor-top-column elementor-element elementor-element-f0c9301 jltma-glass-effect-no\" data-id=\"f0c9301\" data-element_type=\"column\">\n\t\t\t<div class=\"elementor-widget-wrap elementor-element-populated\">\n\t\t\t\t\t\t\t\t<div class=\"elementor-element elementor-element-d1ab757 jltma-glass-effect-no elementor-widget elementor-widget-spacer\" data-id=\"d1ab757\" data-element_type=\"widget\" data-widget_type=\"spacer.default\">\n\t\t\t\t<div class=\"elementor-widget-container\">\n\t\t\t\t\t<div class=\"elementor-spacer\">\n\t\t\t<div class=\"elementor-spacer-inner\"><\/div>\n\t\t<\/div>\n\t\t\t\t<\/div>\n\t\t\t\t<\/div>\n\t\t\t\t<div class=\"elementor-element elementor-element-22993eb elementor-pagination-position-outside jltma-glass-effect-no elementor-widget elementor-widget-image-carousel\" data-id=\"22993eb\" data-element_type=\"widget\" data-settings=\"{&quot;slides_to_show&quot;:&quot;3&quot;,&quot;navigation&quot;:&quot;dots&quot;,&quot;autoplay_speed&quot;:1000,&quot;speed&quot;:2000,&quot;image_spacing_custom&quot;:{&quot;unit&quot;:&quot;px&quot;,&quot;size&quot;:5,&quot;sizes&quot;:[]},&quot;autoplay&quot;:&quot;yes&quot;,&quot;pause_on_hover&quot;:&quot;yes&quot;,&quot;pause_on_interaction&quot;:&quot;yes&quot;,&quot;infinite&quot;:&quot;yes&quot;}\" data-widget_type=\"image-carousel.default\">\n\t\t\t\t<div class=\"elementor-widget-container\">\n\t\t\t\t\t<div class=\"elementor-image-carousel-wrapper swiper-container\" dir=\"ltr\">\n\t\t\t<div class=\"elementor-image-carousel swiper-wrapper\">\n\t\t\t\t\t\t\t\t<div class=\"swiper-slide\"><figure class=\"swiper-slide-inner\"><img decoding=\"async\" class=\"swiper-slide-image\" src=\"http:\/\/www.schartopengenharia.com.br\/wp-content\/uploads\/2019\/12\/WhatsApp-Image-2022-03-22-at-14.59.38-300x225.jpeg\" alt=\"WhatsApp Image 2022-03-22 at 14.59.38\" \/><\/figure><\/div><div class=\"swiper-slide\"><figure class=\"swiper-slide-inner\"><img decoding=\"async\" class=\"swiper-slide-image\" src=\"http:\/\/www.schartopengenharia.com.br\/wp-content\/uploads\/2019\/12\/WhatsApp-Image-2022-03-22-at-14.59.39-300x225.jpeg\" alt=\"WhatsApp Image 2022-03-22 at 14.59.39\" \/><\/figure><\/div><div class=\"swiper-slide\"><figure class=\"swiper-slide-inner\"><img decoding=\"async\" class=\"swiper-slide-image\" src=\"http:\/\/www.schartopengenharia.com.br\/wp-content\/uploads\/2019\/12\/WhatsApp-Image-2022-03-22-at-14.59.39-1-300x221.jpeg\" alt=\"WhatsApp Image 2022-03-22 at 14.59.39 (1)\" \/><\/figure><\/div>\t\t\t<\/div>\n\t\t\t\t\t\t\t\t\t\t\t\t<div class=\"swiper-pagination\"><\/div>\n\t\t\t\t\t\t\t\t\t\t\t\t\t<\/div>\n\t\t\t\t<\/div>\n\t\t\t\t<\/div>\n\t\t\t\t\t<\/div>\n\t\t<\/div>\n\t\t\t\t\t\t\t<\/div>\n\t\t<\/section>\n\t\t\t\t\t\t<\/div>\n\t\t\t\t\t<\/div>\n\t\t","protected":false},"excerpt":{"rendered":"<p>Trabalhos Realizados Infraestrutura Rodovi\u00e1ria Pra\u00e7a de Ped\u00e1gio BR-290, km 060, Gravata\u00ed\/RS (ETC Terra\/CCR-ViaSul) &#8211; Levantamento topogr\u00e1fico primitivo, medi\u00e7\u00f5es volum\u00e9tricas e As-built.&#8211; Loca\u00e7\u00e3o de Projetos de Terraplenagem, Geom\u00e9tricos, Drenagem, Pavimenta\u00e7\u00e3o, Geotecnia, Estrutural, El\u00e9trico, Dados, Sinaliza\u00e7\u00e3o e Hidr\u00e1ulico.&#8211; Medi\u00e7\u00f5es e c\u00e1lculo de volumes. Saneamento B\u00e1sico Santa Maria\/RS (LM Constru\u00e7\u00f5es\/Corsan) &#8211; Levantamento planialtim\u00e9trico cadastral;&#8211; Gera\u00e7\u00e3o de Ordem de &hellip; <a href=\"http:\/\/www.schartopengenharia.com.br\/index.php\/trabalhos-realizados\/\" class=\"more-link\">Continue reading <span class=\"screen-reader-text\">Trabalhos Realizados<\/span><\/a><\/p>\n","protected":false},"author":3,"featured_media":0,"parent":0,"menu_order":0,"comment_status":"closed","ping_status":"closed","template":"","meta":{"footnotes":""},"class_list":["post-3239","page","type-page","status-publish","hentry"],"_links":{"self":[{"href":"http:\/\/www.schartopengenharia.com.br\/index.php\/wp-json\/wp\/v2\/pages\/3239","targetHints":{"allow":["GET"]}}],"collection":[{"href":"http:\/\/www.schartopengenharia.com.br\/index.php\/wp-json\/wp\/v2\/pages"}],"about":[{"href":"http:\/\/www.schartopengenharia.com.br\/index.php\/wp-json\/wp\/v2\/types\/page"}],"author":[{"embeddable":true,"href":"http:\/\/www.schartopengenharia.com.br\/index.php\/wp-json\/wp\/v2\/users\/3"}],"replies":[{"embeddable":true,"href":"http:\/\/www.schartopengenharia.com.br\/index.php\/wp-json\/wp\/v2\/comments?post=3239"}],"version-history":[{"count":25,"href":"http:\/\/www.schartopengenharia.com.br\/index.php\/wp-json\/wp\/v2\/pages\/3239\/revisions"}],"predecessor-version":[{"id":3583,"href":"http:\/\/www.schartopengenharia.com.br\/index.php\/wp-json\/wp\/v2\/pages\/3239\/revisions\/3583"}],"wp:attachment":[{"href":"http:\/\/www.schartopengenharia.com.br\/index.php\/wp-json\/wp\/v2\/media?parent=3239"}],"curies":[{"name":"wp","href":"https:\/\/api.w.org\/{rel}","templated":true}]}}